{"id":231,"date":"2024-02-11T13:13:50","date_gmt":"2024-02-11T13:13:50","guid":{"rendered":"https:\/\/soundsolution.at\/?page_id=231"},"modified":"2024-09-24T13:48:32","modified_gmt":"2024-09-24T13:48:32","slug":"soundsolution","status":"publish","type":"page","link":"https:\/\/soundsolution.at\/","title":{"rendered":"SOUNDSOLUTION"},"content":{"rendered":"\t\t<div data-elementor-type=\"wp-page\" data-elementor-id=\"231\" class=\"elementor elementor-231\">\n\t\t\t\t<div class=\"elementor-element elementor-element-9b5ee9d e-flex e-con-boxed e-con e-parent\" data-id=\"9b5ee9d\" data-element_type=\"container\">\n\t\t\t\t\t<div class=\"e-con-inner\">\n\t\t\t\t<div class=\"elementor-element elementor-element-75459f3 elementor-widget elementor-widget-text-editor\" data-id=\"75459f3\" data-element_type=\"widget\" data-widget_type=\"text-editor.default\">\n\t\t\t\t<div class=\"elementor-widget-container\">\n\t\t\t\t\t\t\t\t\t<h4>Der Partner im Bereich Audio<\/h4>\t\t\t\t\t\t\t\t<\/div>\n\t\t\t\t<\/div>\n\t\t\t\t\t<\/div>\n\t\t\t\t<\/div>\n\t\t<div class=\"elementor-element elementor-element-93b2f09 e-flex e-con-boxed e-con e-parent\" data-id=\"93b2f09\" data-element_type=\"container\">\n\t\t\t\t\t<div class=\"e-con-inner\">\n\t\t\t\t<div class=\"elementor-element elementor-element-143f66d elementor-widget elementor-widget-text-editor\" data-id=\"143f66d\" data-element_type=\"widget\" data-widget_type=\"text-editor.default\">\n\t\t\t\t<div class=\"elementor-widget-container\">\n\t\t\t\t\t\t\t\t\t<p>Seit \u00fcber 30 Jahren sind wir Ihr verl\u00e4sslicher Partner im Bereich der Audioproduktion. <br \/>Ob Musikproduktionen, H\u00f6rspiele, Sprachaufnahmen oder Podcastproduktionen \u2013 <br \/>wir liefern professionelle Ergebnisse in h\u00f6chster Qualit\u00e4t. <br \/>Spezialisiert auf Musikauswahl und Sounddesign f\u00fcr ORF-Dokumentationen und Magazine, <br \/>arbeiten wir fokussiert, unkompliziert und mit einem klaren Anspruch an Perfektion. <br \/><br \/><b>Verlassen Sie sich auf \u00fcber drei Jahrzehnte Erfahrung f\u00fcr Ihren perfekten Klang!<\/b><\/p>\t\t\t\t\t\t\t\t<\/div>\n\t\t\t\t<\/div>\n\t\t\t\t\t<\/div>\n\t\t\t\t<\/div>\n\t\t<div class=\"elementor-element elementor-element-06029dd e-con-full e-flex e-con e-parent\" data-id=\"06029dd\" data-element_type=\"container\">\n\t\t\t\t<div class=\"elementor-element elementor-element-ea0a333 elementor-widget__width-initial elementor-widget elementor-widget-image\" data-id=\"ea0a333\" data-element_type=\"widget\" data-widget_type=\"image.default\">\n\t\t\t\t<div class=\"elementor-widget-container\">\n\t\t\t\t\t\t\t\t\t\t\t\t\t\t\t<img fetchpriority=\"high\" decoding=\"async\" width=\"960\" height=\"540\" src=\"https:\/\/soundsolution.at\/wp-content\/uploads\/2022\/09\/Soundsolution-ohne-Rahmen-1024x576.jpg\" class=\"attachment-large size-large wp-image-51\" alt=\"\" srcset=\"https:\/\/soundsolution.at\/wp-content\/uploads\/2022\/09\/Soundsolution-ohne-Rahmen-1024x576.jpg 1024w, https:\/\/soundsolution.at\/wp-content\/uploads\/2022\/09\/Soundsolution-ohne-Rahmen-300x169.jpg 300w, https:\/\/soundsolution.at\/wp-content\/uploads\/2022\/09\/Soundsolution-ohne-Rahmen-768x432.jpg 768w, https:\/\/soundsolution.at\/wp-content\/uploads\/2022\/09\/Soundsolution-ohne-Rahmen.jpg 1280w\" sizes=\"(max-width: 960px) 100vw, 960px\" \/>\t\t\t\t\t\t\t\t\t\t\t\t\t\t\t<\/div>\n\t\t\t\t<\/div>\n\t\t\t\t<\/div>\n\t\t\t\t<\/div>\n\t\t","protected":false},"excerpt":{"rendered":"<p>Der Partner im Bereich Audio Seit \u00fcber 30 Jahren sind wir Ihr verl\u00e4sslicher Partner im Bereich der Audioproduktion. Ob Musikproduktionen, H\u00f6rspiele, Sprachaufnahmen oder Podcastproduktionen \u2013 wir liefern professionelle Ergebnisse in h\u00f6chster Qualit\u00e4t. Spezialisiert auf Musikauswahl und Sounddesign f\u00fcr ORF-Dokumentationen und Magazine, arbeiten wir fokussiert, unkompliziert und mit einem klaren Anspruch an Perfektion. Verlassen Sie sich auf \u00fcber drei Jahrzehnte Erfahrung f\u00fcr Ihren perfekten Klang!<\/p>\n","protected":false},"author":1,"featured_media":0,"parent":0,"menu_order":0,"comment_status":"closed","ping_status":"closed","template":"","meta":{"footnotes":""},"class_list":["post-231","page","type-page","status-publish","hentry"],"_links":{"self":[{"href":"https:\/\/soundsolution.at\/index.php?rest_route=\/wp\/v2\/pages\/231","targetHints":{"allow":["GET"]}}],"collection":[{"href":"https:\/\/soundsolution.at\/index.php?rest_route=\/wp\/v2\/pages"}],"about":[{"href":"https:\/\/soundsolution.at\/index.php?rest_route=\/wp\/v2\/types\/page"}],"author":[{"embeddable":true,"href":"https:\/\/soundsolution.at\/index.php?rest_route=\/wp\/v2\/users\/1"}],"replies":[{"embeddable":true,"href":"https:\/\/soundsolution.at\/index.php?rest_route=%2Fwp%2Fv2%2Fcomments&post=231"}],"version-history":[{"count":19,"href":"https:\/\/soundsolution.at\/index.php?rest_route=\/wp\/v2\/pages\/231\/revisions"}],"predecessor-version":[{"id":252,"href":"https:\/\/soundsolution.at\/index.php?rest_route=\/wp\/v2\/pages\/231\/revisions\/252"}],"wp:attachment":[{"href":"https:\/\/soundsolution.at\/index.php?rest_route=%2Fwp%2Fv2%2Fmedia&parent=231"}],"curies":[{"name":"wp","href":"https:\/\/api.w.org\/{rel}","templated":true}]}}